{"id":3936,"date":"2025-05-13T20:01:50","date_gmt":"2025-05-13T18:01:50","guid":{"rendered":"https:\/\/iteracarelatam.com\/blog-especializado\/"},"modified":"2026-04-11T22:21:02","modified_gmt":"2026-04-11T20:21:02","slug":"blog-especializado","status":"publish","type":"page","link":"https:\/\/iteracarelatam.com\/pt-br\/blog-especializado\/","title":{"rendered":"Blog Especializado"},"content":{"rendered":"\t\t<div data-elementor-type=\"wp-page\" data-elementor-id=\"3936\" class=\"elementor elementor-3936 elementor-2480\" data-elementor-post-type=\"page\">\n\t\t\t\t<div class=\"elementor-element elementor-element-ab8a7e4 e-con-full e-flex e-con e-parent\" data-id=\"ab8a7e4\" data-element_type=\"container\" data-e-type=\"container\">\n\t\t\t\t<div class=\"elementor-element elementor-element-7b2cdb5 elementor-widget elementor-widget-shortcode\" data-id=\"7b2cdb5\" data-element_type=\"widget\" data-e-type=\"widget\" data-widget_type=\"shortcode.default\">\n\t\t\t\t<div class=\"elementor-widget-container\">\n\t\t\t\t\t\t\t<div class=\"elementor-shortcode\"><section class=\"icbm-section\" lang=\"pt-BR\" itemscope itemtype=\"https:\/\/schema.org\/Blog\" role=\"region\" aria-labelledby=\"icbm-heading\">\n                <div class=\"icbm-container\">\n                    <!-- Header -->\n                    <header class=\"icbm-header\">\n                        <div class=\"icbm-header__badge\" aria-hidden=\"true\">\n                            <span class=\"icbm-badge-dot\"><\/span>\n                            <span class=\"icbm-badge-dot\"><\/span>\n                            <span class=\"icbm-badge-dot\"><\/span>\n                        <\/div>\n                        <h2 id=\"icbm-heading\" class=\"icbm-heading\" itemprop=\"name\">Blog Especializado<\/h2>\n                        <div class=\"icbm-header__divider\" aria-hidden=\"true\"><span><\/span><span class=\"icbm-divider-gem\" aria-hidden=\"true\">\u25c6<\/span><span><\/span><\/div>\n                        <p class=\"icbm-subtitle\" itemprop=\"description\">Descubra um <strong>Universo Hol\u00edstico<\/strong> de tratamentos Alternativos no nosso Blog Especializado.<\/p>\n                        <p class=\"icbm-desc\">Da Aromaterapia \u00e0 Homeopatia, <strong>voc\u00ea explorar\u00e1 o equil\u00edbrio e a harmonia<\/strong>. Mergulhe em Biofeedback, Digitopuntura, Frequ\u00eancias e Som para uma cura integral.<\/p>\n                        <p class=\"icbm-desc\">Encontre inspira\u00e7\u00e3o e conhecimento para transformar sua vida em todos os n\u00edveis.<\/p>\n                        <p class=\"icbm-cta-text\">Junte-se a n\u00f3s neste caminho rumo ao bem-estar completo!<\/p>\n                        <a href=\"https:\/\/iteracarelatam.com\/pt-br\/contato-iteracare\/\" class=\"icbm-btn icbm-btn--consult\" rel=\"nofollow\" itemprop=\"url\">\n                            <span>Consulte-nos<\/span>\n                            <svg width=\"18\" height=\"18\" viewBox=\"0 0 18 18\" fill=\"none\" aria-hidden=\"true\"><path d=\"M9 1C4.6 1 1 4.6 1 9s3.6 8 8 8 8-3.6 8-8-3.6-8-8-8zm0 14.5c-3.6 0-6.5-2.9-6.5-6.5S5.4 2.5 9 2.5s6.5 2.9 6.5 6.5-2.9 6.5-6.5 6.5zm.8-10.3H8.2v5.3l4.5 2.7.8-1.2-3.7-2.2V5.2z\" fill=\"currentColor\"\/><\/svg>\n                        <\/a>\n                    <\/header>\n                    <!-- Grid de categor\u00edas -->\n                    <div class=\"icbm-grid\" itemscope itemtype=\"https:\/\/schema.org\/ItemList\" role=\"list\">\n                        <article class=\"icbm-card\" itemscope itemtype=\"https:\/\/schema.org\/BlogPosting\" role=\"article\">\n                    <div class=\"icbm-card__icon\" aria-hidden=\"true\"><svg xmlns=\"http:\/\/www.w3.org\/2000\/svg\" viewBox=\"0 0 80 80\" fill=\"none\" stroke=\"currentColor\" stroke-width=\"1.8\" stroke-linecap=\"round\" stroke-linejoin=\"round\" width=\"64\" height=\"64\" aria-hidden=\"true\"><ellipse cx=\"40\" cy=\"55\" rx=\"18\" ry=\"12\"\/><path d=\"M40 43V28\"\/><path d=\"M30 35c0-5.5 4.5-10 10-10s10 4.5 10 10\"\/><path d=\"M35 25c0-3 2.2-5.5 5-5.5s5 2.5 5 5.5\"\/><path d=\"M37 19.5c1-2 2-4 3-7\"\/><path d=\"M33 22c-2-3-3-5-2-8\"\/><path d=\"M43 22c2-3 3-5 2-8\"\/><\/svg><\/div>\n                    <h3 class=\"icbm-card__title\" itemprop=\"name\">Aromaterapia<\/h3>\n                    <p class=\"icbm-card__desc\" itemprop=\"description\">Mantenha-se informado sobre t\u00e9cnicas, usos e descobertas no campo da aromaterapia especializada.<\/p>\n                    <a href=\"https:\/\/iteracarelatam.com\/pt-br\/category\/aromaterapia\/\" class=\"icbm-btn icbm-btn--primary\" aria-label=\"Ver not\u00edcias de Aromaterapia\" itemprop=\"url\" rel=\"nofollow\">\n                        <span>NOT\u00cdCIAS<\/span>\n                        <svg class=\"icbm-btn__arrow\" width=\"16\" height=\"16\" viewBox=\"0 0 16 16\" fill=\"none\" aria-hidden=\"true\"><path d=\"M3 8h10M9 4l4 4-4 4\" stroke=\"currentColor\" stroke-width=\"1.8\" stroke-linecap=\"round\" stroke-linejoin=\"round\"\/><\/svg>\n                    <\/a>\n                <\/article><article class=\"icbm-card\" itemscope itemtype=\"https:\/\/schema.org\/BlogPosting\" role=\"article\">\n                    <div class=\"icbm-card__icon\" aria-hidden=\"true\"><svg xmlns=\"http:\/\/www.w3.org\/2000\/svg\" viewBox=\"0 0 80 80\" fill=\"none\" stroke=\"currentColor\" stroke-width=\"1.8\" stroke-linecap=\"round\" stroke-linejoin=\"round\" width=\"64\" height=\"64\" aria-hidden=\"true\"><rect x=\"30\" y=\"18\" width=\"20\" height=\"8\" rx=\"3\"\/><path d=\"M33 26v4c-7 3-12 10-12 18a19 19 0 0038 0c0-8-5-15-12-18v-4\"\/><circle cx=\"40\" cy=\"50\" r=\"5\" fill=\"currentColor\" fill-opacity=\".15\"\/><line x1=\"40\" y1=\"42\" x2=\"40\" y2=\"58\"\/><line x1=\"33\" y1=\"50\" x2=\"47\" y2=\"50\"\/><\/svg><\/div>\n                    <h3 class=\"icbm-card__title\" itemprop=\"name\">Homeopatia<\/h3>\n                    <p class=\"icbm-card__desc\" itemprop=\"description\">Esta pr\u00e1tica centen\u00e1ria continua evoluindo e oferecendo solu\u00e7\u00f5es naturais para a sa\u00fade e o bem-estar.<\/p>\n                    <a href=\"https:\/\/iteracarelatam.com\/pt-br\/category\/homeopatia\/\" class=\"icbm-btn icbm-btn--primary\" aria-label=\"Ver not\u00edcias de Homeopatia\" itemprop=\"url\" rel=\"nofollow\">\n                        <span>NOT\u00cdCIAS<\/span>\n                        <svg class=\"icbm-btn__arrow\" width=\"16\" height=\"16\" viewBox=\"0 0 16 16\" fill=\"none\" aria-hidden=\"true\"><path d=\"M3 8h10M9 4l4 4-4 4\" stroke=\"currentColor\" stroke-width=\"1.8\" stroke-linecap=\"round\" stroke-linejoin=\"round\"\/><\/svg>\n                    <\/a>\n                <\/article><article class=\"icbm-card\" itemscope itemtype=\"https:\/\/schema.org\/BlogPosting\" role=\"article\">\n                    <div class=\"icbm-card__icon\" aria-hidden=\"true\"><svg xmlns=\"http:\/\/www.w3.org\/2000\/svg\" viewBox=\"0 0 80 80\" fill=\"none\" stroke=\"currentColor\" stroke-width=\"1.8\" stroke-linecap=\"round\" stroke-linejoin=\"round\" width=\"64\" height=\"64\" aria-hidden=\"true\"><path d=\"M10 40h8l5-12 8 24 6-18 5 10 4-6 6 2h8\"\/><circle cx=\"40\" cy=\"28\" r=\"11\"\/><path d=\"M34 25c2-4 6-5 9-2s3 8 0 11l-3 3-3-3\"\/><\/svg><\/div>\n                    <h3 class=\"icbm-card__title\" itemprop=\"name\">Biofeedback<\/h3>\n                    <p class=\"icbm-card__desc\" itemprop=\"description\">Como essa tecnologia est\u00e1 transformando a forma como entendemos e melhoramos nossa sa\u00fade mental e f\u00edsica.<\/p>\n                    <a href=\"https:\/\/iteracarelatam.com\/pt-br\/category\/biofeedback\/\" class=\"icbm-btn icbm-btn--primary\" aria-label=\"Ver not\u00edcias de Biofeedback\" itemprop=\"url\" rel=\"nofollow\">\n                        <span>NOT\u00cdCIAS<\/span>\n                        <svg class=\"icbm-btn__arrow\" width=\"16\" height=\"16\" viewBox=\"0 0 16 16\" fill=\"none\" aria-hidden=\"true\"><path d=\"M3 8h10M9 4l4 4-4 4\" stroke=\"currentColor\" stroke-width=\"1.8\" stroke-linecap=\"round\" stroke-linejoin=\"round\"\/><\/svg>\n                    <\/a>\n                <\/article><article class=\"icbm-card\" itemscope itemtype=\"https:\/\/schema.org\/BlogPosting\" role=\"article\">\n                    <div class=\"icbm-card__icon\" aria-hidden=\"true\"><svg xmlns=\"http:\/\/www.w3.org\/2000\/svg\" viewBox=\"0 0 80 80\" fill=\"none\" stroke=\"currentColor\" stroke-width=\"1.8\" stroke-linecap=\"round\" stroke-linejoin=\"round\" width=\"64\" height=\"64\" aria-hidden=\"true\"><rect x=\"20\" y=\"38\" width=\"40\" height=\"28\" rx=\"6\"\/><path d=\"M30 38V28a4 4 0 018 0v10\"\/><path d=\"M38 38V24a4 4 0 018 0v14\"\/><path d=\"M46 40V30a4 4 0 018 0v10\"\/><circle cx=\"30\" cy=\"50\" r=\"2.5\" fill=\"currentColor\" fill-opacity=\".4\"\/><circle cx=\"40\" cy=\"50\" r=\"2.5\" fill=\"currentColor\" fill-opacity=\".4\"\/><circle cx=\"50\" cy=\"50\" r=\"2.5\" fill=\"currentColor\" fill-opacity=\".4\"\/><\/svg><\/div>\n                    <h3 class=\"icbm-card__title\" itemprop=\"name\">Digitopuntura<\/h3>\n                    <p class=\"icbm-card__desc\" itemprop=\"description\">Terapia baseada na estimula\u00e7\u00e3o de pontos energ\u00e9ticos que melhora seu bem-estar f\u00edsico, emocional e espiritual.<\/p>\n                    <a href=\"https:\/\/iteracarelatam.com\/pt-br\/category\/digitopuntura\/\" class=\"icbm-btn icbm-btn--primary\" aria-label=\"Ver not\u00edcias de Digitopuntura\" itemprop=\"url\" rel=\"nofollow\">\n                        <span>NOT\u00cdCIAS<\/span>\n                        <svg class=\"icbm-btn__arrow\" width=\"16\" height=\"16\" viewBox=\"0 0 16 16\" fill=\"none\" aria-hidden=\"true\"><path d=\"M3 8h10M9 4l4 4-4 4\" stroke=\"currentColor\" stroke-width=\"1.8\" stroke-linecap=\"round\" stroke-linejoin=\"round\"\/><\/svg>\n                    <\/a>\n                <\/article><article class=\"icbm-card\" itemscope itemtype=\"https:\/\/schema.org\/BlogPosting\" role=\"article\">\n                    <div class=\"icbm-card__icon\" aria-hidden=\"true\"><svg xmlns=\"http:\/\/www.w3.org\/2000\/svg\" viewBox=\"0 0 80 80\" fill=\"none\" stroke=\"currentColor\" stroke-width=\"1.8\" stroke-linecap=\"round\" stroke-linejoin=\"round\" width=\"64\" height=\"64\" aria-hidden=\"true\"><path d=\"M10 40 Q15 20 20 40 Q25 60 30 40 Q35 20 40 40 Q45 60 50 40 Q55 20 60 40 Q65 60 70 40\"\/><line x1=\"10\" y1=\"58\" x2=\"70\" y2=\"58\" stroke-opacity=\".3\"\/><\/svg><\/div>\n                    <h3 class=\"icbm-card__title\" itemprop=\"name\">Frequ\u00eancias<\/h3>\n                    <p class=\"icbm-card__desc\" itemprop=\"description\">Not\u00edcias para ter uma maior compreens\u00e3o das frequ\u00eancias e seu potencial impacto na sa\u00fade humana.<\/p>\n                    <a href=\"https:\/\/iteracarelatam.com\/pt-br\/category\/frequencias\/\" class=\"icbm-btn icbm-btn--primary\" aria-label=\"Ver not\u00edcias de Frequ\u00eancias\" itemprop=\"url\" rel=\"nofollow\">\n                        <span>NOT\u00cdCIAS<\/span>\n                        <svg class=\"icbm-btn__arrow\" width=\"16\" height=\"16\" viewBox=\"0 0 16 16\" fill=\"none\" aria-hidden=\"true\"><path d=\"M3 8h10M9 4l4 4-4 4\" stroke=\"currentColor\" stroke-width=\"1.8\" stroke-linecap=\"round\" stroke-linejoin=\"round\"\/><\/svg>\n                    <\/a>\n                <\/article><article class=\"icbm-card\" itemscope itemtype=\"https:\/\/schema.org\/BlogPosting\" role=\"article\">\n                    <div class=\"icbm-card__icon\" aria-hidden=\"true\"><svg xmlns=\"http:\/\/www.w3.org\/2000\/svg\" viewBox=\"0 0 80 80\" fill=\"none\" stroke=\"currentColor\" stroke-width=\"1.8\" stroke-linecap=\"round\" stroke-linejoin=\"round\" width=\"64\" height=\"64\" aria-hidden=\"true\"><circle cx=\"40\" cy=\"40\" r=\"22\"\/><circle cx=\"40\" cy=\"40\" r=\"14\"\/><circle cx=\"40\" cy=\"40\" r=\"6\"\/><path d=\"M18 40 Q10 40 10 30\"\/><path d=\"M62 40 Q70 40 70 30\"\/><line x1=\"40\" y1=\"18\" x2=\"40\" y2=\"10\"\/><line x1=\"40\" y1=\"62\" x2=\"40\" y2=\"70\"\/><\/svg><\/div>\n                    <h3 class=\"icbm-card__title\" itemprop=\"name\">Sons<\/h3>\n                    <p class=\"icbm-card__desc\" itemprop=\"description\">Tend\u00eancias inovadoras e aplica\u00e7\u00f5es terap\u00eauticas dos sons para promover harmonia e equil\u00edbrio em sua vida.<\/p>\n                    <a href=\"https:\/\/iteracarelatam.com\/pt-br\/category\/sons\/\" class=\"icbm-btn icbm-btn--primary\" aria-label=\"Ver not\u00edcias de Terapia do Som\" itemprop=\"url\" rel=\"nofollow\">\n                        <span>NOT\u00cdCIAS<\/span>\n                        <svg class=\"icbm-btn__arrow\" width=\"16\" height=\"16\" viewBox=\"0 0 16 16\" fill=\"none\" aria-hidden=\"true\"><path d=\"M3 8h10M9 4l4 4-4 4\" stroke=\"currentColor\" stroke-width=\"1.8\" stroke-linecap=\"round\" stroke-linejoin=\"round\"\/><\/svg>\n                    <\/a>\n                <\/article>\n                    <\/div>\n                <\/div>\n                <!-- Decorative background elements -->\n                <div class=\"icbm-bg-decor\" aria-hidden=\"true\">\n                    <div class=\"icbm-bg-circle icbm-bg-circle--1\"><\/div>\n                    <div class=\"icbm-bg-circle icbm-bg-circle--2\"><\/div>\n                    <div class=\"icbm-bg-circle icbm-bg-circle--3\"><\/div>\n                <\/div>\n            <\/section><\/div>\n\t\t\t\t\t\t<\/div>\n\t\t\t\t<\/div>\n\t\t\t\t<\/div>\n\t\t<div class=\"elementor-element elementor-element-28ec3cf e-flex e-con-boxed e-con e-parent\" data-id=\"28ec3cf\" data-element_type=\"container\" data-e-type=\"container\">\n\t\t\t\t\t<div class=\"e-con-inner\">\n\t\t\t\t<div class=\"elementor-element elementor-element-ef226b4 elementor-widget elementor-widget-image\" data-id=\"ef226b4\" data-element_type=\"widget\" data-e-type=\"widget\" data-widget_type=\"image.default\">\n\t\t\t\t<div class=\"elementor-widget-container\">\n\t\t\t\t\t\t\t\t\t\t\t\t\t\t\t\t<a href=\"https:\/\/instagram.com\/carlosterpo\" target=\"_blank\" rel=\"noopener\">\n\t\t\t\t\t\t\t<img fetchpriority=\"high\" decoding=\"async\" width=\"701\" height=\"706\" src=\"https:\/\/iteracarelatam.com\/wp-content\/uploads\/2025\/05\/Instagram_logo_web.webp\" class=\"attachment-large size-large wp-image-3855\" alt=\"Instagram Logo\" srcset=\"https:\/\/iteracarelatam.com\/wp-content\/uploads\/2025\/05\/Instagram_logo_web.webp 701w, https:\/\/iteracarelatam.com\/wp-content\/uploads\/2025\/05\/Instagram_logo_web-298x300.webp 298w, https:\/\/iteracarelatam.com\/wp-content\/uploads\/2025\/05\/Instagram_logo_web-150x150.webp 150w, https:\/\/iteracarelatam.com\/wp-content\/uploads\/2025\/05\/Instagram_logo_web-600x604.webp 600w, https:\/\/iteracarelatam.com\/wp-content\/uploads\/2025\/05\/Instagram_logo_web-100x100.webp 100w\" sizes=\"(max-width: 701px) 100vw, 701px\" \/>\t\t\t\t\t\t\t\t<\/a>\n\t\t\t\t\t\t\t\t\t\t\t\t\t\t\t<\/div>\n\t\t\t\t<\/div>\n\t\t\t\t\t<\/div>\n\t\t\t\t<\/div>\n\t\t\t\t<\/div>\n\t\t","protected":false},"excerpt":{"rendered":"","protected":false},"author":2,"featured_media":0,"parent":0,"menu_order":0,"comment_status":"closed","ping_status":"closed","template":"elementor_header_footer","meta":{"_joinchat":[],"footnotes":""},"class_list":["post-3936","page","type-page","status-publish","hentry"],"_links":{"self":[{"href":"https:\/\/iteracarelatam.com\/pt-br\/wp-json\/wp\/v2\/pages\/3936","targetHints":{"allow":["GET"]}}],"collection":[{"href":"https:\/\/iteracarelatam.com\/pt-br\/wp-json\/wp\/v2\/pages"}],"about":[{"href":"https:\/\/iteracarelatam.com\/pt-br\/wp-json\/wp\/v2\/types\/page"}],"author":[{"embeddable":true,"href":"https:\/\/iteracarelatam.com\/pt-br\/wp-json\/wp\/v2\/users\/2"}],"replies":[{"embeddable":true,"href":"https:\/\/iteracarelatam.com\/pt-br\/wp-json\/wp\/v2\/comments?post=3936"}],"version-history":[{"count":5,"href":"https:\/\/iteracarelatam.com\/pt-br\/wp-json\/wp\/v2\/pages\/3936\/revisions"}],"predecessor-version":[{"id":4098,"href":"https:\/\/iteracarelatam.com\/pt-br\/wp-json\/wp\/v2\/pages\/3936\/revisions\/4098"}],"wp:attachment":[{"href":"https:\/\/iteracarelatam.com\/pt-br\/wp-json\/wp\/v2\/media?parent=3936"}],"curies":[{"name":"wp","href":"https:\/\/api.w.org\/{rel}","templated":true}]}}