{"id":3856,"date":"2024-11-22T18:37:38","date_gmt":"2024-11-22T17:37:38","guid":{"rendered":"https:\/\/iteracarelatam.com\/contato-iteracare\/"},"modified":"2026-04-10T09:38:31","modified_gmt":"2026-04-10T07:38:31","slug":"contato-iteracare","status":"publish","type":"page","link":"https:\/\/iteracarelatam.com\/pt-br\/contato-iteracare\/","title":{"rendered":"Contato iTeraCare"},"content":{"rendered":"\t\t<div data-elementor-type=\"wp-page\" data-elementor-id=\"3856\" class=\"elementor elementor-3856 elementor-2117\" data-elementor-post-type=\"page\">\n\t\t\t\t<div class=\"elementor-element elementor-element-ccedacb e-con-full e-flex e-con e-parent\" data-id=\"ccedacb\" data-element_type=\"container\" data-e-type=\"container\">\n\t\t\t\t<div class=\"elementor-element elementor-element-c569ec0 elementor-widget elementor-widget-shortcode\" data-id=\"c569ec0\" data-element_type=\"widget\" data-e-type=\"widget\" data-widget_type=\"shortcode.default\">\n\t\t\t\t<div class=\"elementor-widget-container\">\n\t\t\t\t\t\t\t<div class=\"elementor-shortcode\">        <div class=\"ic-contact-module\" id=\"ic-pt-7428\" lang=\"pt\">\n\n            <!-- \u2550\u2550 HERO HEADER \u2550\u2550\u2550\u2550\u2550\u2550\u2550\u2550\u2550\u2550\u2550\u2550\u2550\u2550\u2550\u2550\u2550\u2550\u2550\u2550\u2550\u2550\u2550\u2550\u2550\u2550\u2550\u2550\u2550\u2550\u2550\u2550\u2550\u2550\u2550\u2550\u2550\u2550\u2550\u2550\u2550\u2550\u2550\u2550\u2550\u2550 -->\n            <div class=\"ic-hero\">\n                <div class=\"ic-hero__overlay\"><\/div>\n                <div class=\"ic-hero__content\">\n                    <span class=\"ic-hero__eyebrow\">iTeraLatam<\/span>\n                    <h1 class=\"ic-hero__title\">Contato iTeraCare<\/h1>\n                    <p class=\"ic-hero__subtitle\">Estamos aqui para acompanhar voc\u00ea em sua jornada rumo ao bem-estar.<\/p>\n                <\/div>\n            <\/div>\n\n            <!-- \u2550\u2550 INTRO + FORM \u2550\u2550\u2550\u2550\u2550\u2550\u2550\u2550\u2550\u2550\u2550\u2550\u2550\u2550\u2550\u2550\u2550\u2550\u2550\u2550\u2550\u2550\u2550\u2550\u2550\u2550\u2550\u2550\u2550\u2550\u2550\u2550\u2550\u2550\u2550\u2550\u2550\u2550\u2550\u2550\u2550\u2550\u2550\u2550\u2550 -->\n            <section class=\"ic-section ic-section--contact\">\n                <div class=\"ic-container ic-grid-2\">\n\n                    <!-- Image + intro text -->\n                    <div class=\"ic-intro-col\">\n                        <div class=\"ic-intro-image-wrap\">\n                            <img loading=\"lazy\" decoding=\"async\"\n                                src=\"https:\/\/iteracarelatam.com\/wp-content\/uploads\/2025\/10\/Contacto-iTeraCare-iTeraLatam.webp\"\n                                alt=\"Contato iTeraCare\"\n                                class=\"ic-intro-image\"\n                                loading=\"lazy\"\n                                width=\"600\"\n                                height=\"600\"\n                            \/>\n                            <div class=\"ic-intro-badge\">\n                                <span class=\"ic-intro-badge__icon\">\u2726<\/span>\n                                <span>100% Original<\/span>\n                            <\/div>\n                        <\/div>\n                        <div class=\"ic-intro-text\">\n                            <p>Tem alguma d\u00favida ou quer saber mais sobre o Dispositivo <strong>iTeraCare<\/strong>? N\u00e3o hesite em entrar em contato conosco.<\/p>\n                            <p>Se voc\u00ea est\u00e1 interessado em adquirir um <strong>Dispositivo iTeraCare<\/strong>, garantimos que voc\u00ea receber\u00e1 um produto <strong>100% original e com garantia oficial<\/strong>.<\/p>\n                            <p>Preencha o formul\u00e1rio e entraremos em contato com voc\u00ea em breve.<\/p>\n                            <p class=\"ic-intro-thanks\">Obrigado por confiar na <strong>iTeraLatam<\/strong>! Estamos aqui para ajud\u00e1-lo a qualquer momento. \ud83d\ude0a<\/p>\n                        <\/div>\n                    <\/div>\n\n                    <!-- Contact form -->\n                    <div class=\"ic-form-col\">\n                        <div class=\"ic-form-card\">\n                            <div class=\"ic-form-card__header\">\n                                <h2>Contato iTeraCare<\/h2>\n                            <\/div>\n                            <div id=\"ic-pt-7428-msg\" class=\"ic-form-message\" role=\"alert\" aria-live=\"polite\"><\/div>\n                            <div class=\"ic-form\" id=\"ic-pt-7428-form\" data-lang=\"pt\">\n                                <!-- Honeypot -->\n                                <div class=\"ic-hp\" aria-hidden=\"true\">\n                                    <input type=\"text\" name=\"ic_website\" tabindex=\"-1\" autocomplete=\"off\" \/>\n                                <\/div>\n\n                                <div class=\"ic-field-group\">\n                                    <label for=\"ic-pt-7428-name\">Nome *<\/label>\n                                    <input\n                                        type=\"text\"\n                                        id=\"ic-pt-7428-name\"\n                                        name=\"ic_name\"\n                                        placeholder=\"Seu nome completo\"\n                                        required\n                                        autocomplete=\"name\"\n                                    \/>\n                                <\/div>\n\n                                <div class=\"ic-field-group\">\n                                    <label for=\"ic-pt-7428-email\">E-mail *<\/label>\n                                    <input\n                                        type=\"email\"\n                                        id=\"ic-pt-7428-email\"\n                                        name=\"ic_email\"\n                                        placeholder=\"Seu e-mail\"\n                                        required\n                                        autocomplete=\"email\"\n                                    \/>\n                                <\/div>\n\n                                <div class=\"ic-field-group\">\n                                    <label for=\"ic-pt-7428-phone\">Celular *<\/label>\n                                    <input\n                                        type=\"tel\"\n                                        id=\"ic-pt-7428-phone\"\n                                        name=\"ic_phone\"\n                                        placeholder=\"Seu telefone com c\u00f3digo do pa\u00eds\"\n                                        required\n                                        autocomplete=\"tel\"\n                                    \/>\n                                <\/div>\n\n                                <div class=\"ic-field-group\">\n                                    <label for=\"ic-pt-7428-country\">Pa\u00eds *<\/label>\n                                    <div class=\"ic-select-wrap\">\n                                        <select id=\"ic-pt-7428-country\" name=\"ic_country\" required>\n                                            <option value=\"\">\u2014 Selecione seu pa\u00eds \u2014<\/option>\n                                                                                            <option value=\"AR\">Argentina<\/option>\n                                                                                            <option value=\"BO\">Bol\u00edvia<\/option>\n                                                                                            <option value=\"BR\">Brasil<\/option>\n                                                                                            <option value=\"CL\">Chile<\/option>\n                                                                                            <option value=\"CO\">Col\u00f4mbia<\/option>\n                                                                                            <option value=\"CR\">Costa Rica<\/option>\n                                                                                            <option value=\"CU\">Cuba<\/option>\n                                                                                            <option value=\"DO\">Rep\u00fablica Dominicana<\/option>\n                                                                                            <option value=\"EC\">Equador<\/option>\n                                                                                            <option value=\"SV\">El Salvador<\/option>\n                                                                                            <option value=\"GT\">Guatemala<\/option>\n                                                                                            <option value=\"HN\">Honduras<\/option>\n                                                                                            <option value=\"MX\">M\u00e9xico<\/option>\n                                                                                            <option value=\"NI\">Nicar\u00e1gua<\/option>\n                                                                                            <option value=\"PA\">Panam\u00e1<\/option>\n                                                                                            <option value=\"PY\">Paraguai<\/option>\n                                                                                            <option value=\"PE\">Peru<\/option>\n                                                                                            <option value=\"PR\">Porto Rico<\/option>\n                                                                                            <option value=\"UY\">Uruguai<\/option>\n                                                                                            <option value=\"VE\">Venezuela<\/option>\n                                                                                            <option value=\"US\">Estados Unidos<\/option>\n                                                                                            <option value=\"ES\">Espanha<\/option>\n                                                                                            <option value=\"PT\">Portugal<\/option>\n                                                                                            <option value=\"OTHER\">Outro<\/option>\n                                                                                    <\/select>\n                                        <span class=\"ic-select-arrow\">\u25be<\/span>\n                                    <\/div>\n                                <\/div>\n\n                                <div class=\"ic-field-group\">\n                                    <label for=\"ic-pt-7428-message\">Mensagem *<\/label>\n                                    <textarea\n                                        id=\"ic-pt-7428-message\"\n                                        name=\"ic_message\"\n                                        placeholder=\"Escreva sua consulta aqui...\"\n                                        rows=\"5\"\n                                        required\n                                    ><\/textarea>\n                                <\/div>\n\n                                <button\n                                    type=\"button\"\n                                    class=\"ic-btn ic-btn--primary ic-submit-btn\"\n                                    data-uid=\"ic-pt-7428\"\n                                    data-sending=\"Enviando...\"\n                                    data-send=\"Enviar Mensagem\"\n                                >\n                                    <span class=\"ic-btn__text\">Enviar Mensagem<\/span>\n                                    <span class=\"ic-btn__icon\">\u2192<\/span>\n                                <\/button>\n                            <\/div>\n                        <\/div>\n                    <\/div>\n                <\/div>\n            <\/section>\n\n            <!-- \u2550\u2550 WHY ITERACARE \u2550\u2550\u2550\u2550\u2550\u2550\u2550\u2550\u2550\u2550\u2550\u2550\u2550\u2550\u2550\u2550\u2550\u2550\u2550\u2550\u2550\u2550\u2550\u2550\u2550\u2550\u2550\u2550\u2550\u2550\u2550\u2550\u2550\u2550\u2550\u2550\u2550\u2550\u2550\u2550\u2550\u2550\u2550\u2550 -->\n            <section class=\"ic-section ic-section--why\">\n                <div class=\"ic-container\">\n                    <div class=\"ic-section-header\">\n                        <span class=\"ic-eyebrow\">Potencialize seu Bem-Estar<\/span>\n                        <h2 class=\"ic-section-title\">Por que escolher o iTeraCare?<\/h2>\n                        <p class=\"ic-section-intro\">\n                            A resposta est\u00e1 na excel\u00eancia e efetividade incompar\u00e1veis que este avan\u00e7ado sistema de regenera\u00e7\u00e3o celular oferece.                            <strong>O que o torna t\u00e3o especial?<\/strong>\n                            Descubra a chave para uma sa\u00fade \u00f3tima e uma vitalidade incompar\u00e1vel atrav\u00e9s do iTeraCare.                        <\/p>\n                    <\/div>\n\n                    <div class=\"ic-why-grid\">\n                                                <div class=\"ic-why-card ic-animate-in\" style=\"--delay: 0s\">\n                            <div class=\"ic-why-card__icon\">\ud83d\udd2c<\/div>\n                            <h3 class=\"ic-why-card__title\">Regenera\u00e7\u00e3o Celular Avan\u00e7ada<\/h3>\n                            <p class=\"ic-why-card__desc\">O iTeraCare usa tecnologia de ponta que estimula a regenera\u00e7\u00e3o celular desde a profundidade, permitindo uma transforma\u00e7\u00e3o integral do seu organismo.<\/p>\n                        <\/div>\n                                                <div class=\"ic-why-card ic-animate-in\" style=\"--delay: 0.1s\">\n                            <div class=\"ic-why-card__icon\">\u26a1<\/div>\n                            <h3 class=\"ic-why-card__title\">Energia Vital Renovada<\/h3>\n                            <p class=\"ic-why-card__desc\">Gra\u00e7as \u00e0s suas frequ\u00eancias de Tera-hertz, o iTeraCare ativa e revitaliza sua energia celular, oferecendo uma vitalidade renovada e duradoura.<\/p>\n                        <\/div>\n                                                <div class=\"ic-why-card ic-animate-in\" style=\"--delay: 0.2s\">\n                            <div class=\"ic-why-card__icon\">\ud83c\udf3f<\/div>\n                            <h3 class=\"ic-why-card__title\">Bem-Estar Hol\u00edstico<\/h3>\n                            <p class=\"ic-why-card__desc\">O iTeraCare aborda o seu bem-estar de forma integral, equilibrando corpo e mente para uma harmonia total.<\/p>\n                        <\/div>\n                                                <div class=\"ic-why-card ic-animate-in\" style=\"--delay: 0.3s\">\n                            <div class=\"ic-why-card__icon\">\ud83c\udfc6<\/div>\n                            <h3 class=\"ic-why-card__title\">Desempenho Esportivo \u00d3timo<\/h3>\n                            <p class=\"ic-why-card__desc\">Seja voc\u00ea um atleta de elite ou algu\u00e9m que busca melhorar seu desempenho na academia, o iTeraCare fornece as ferramentas necess\u00e1rias para alcan\u00e7ar seus objetivos esportivos.<\/p>\n                        <\/div>\n                                                <div class=\"ic-why-card ic-animate-in\" style=\"--delay: 0.4s\">\n                            <div class=\"ic-why-card__icon\">\u2705<\/div>\n                            <h3 class=\"ic-why-card__title\">Resultados Comprovados<\/h3>\n                            <p class=\"ic-why-card__desc\">Com o iTeraCare, os benef\u00edcios s\u00e3o tang\u00edveis e duradouros, proporcionando uma melhora significativa na sua qualidade de vida e bem-estar geral.<\/p>\n                        <\/div>\n                                            <\/div>\n\n                    <!-- Sports image banner -->\n                    <div class=\"ic-sports-banner\">\n                        <img decoding=\"async\"\n                            src=\"https:\/\/iteracarelatam.com\/wp-content\/uploads\/2024\/08\/Deportistas-de-Alto-Rendimiento.webp\"\n                            alt=\"Atletas de Alto Desempenho com iTeraCare\"\n                            class=\"ic-sports-banner__img\"\n                            loading=\"lazy\"\n                        \/>\n                        <div class=\"ic-sports-banner__overlay\">\n                            <p class=\"ic-sports-banner__cta\">Em resumo, escolher o iTeraCare \u00e9 a escolha inteligente e poderosa para quem busca maximizar sua sa\u00fade, vitalidade e desempenho.<\/p>\n                            <p class=\"ic-sports-banner__bold\">D\u00ea ao seu corpo o melhor com o iTeraCare e alcance um estado de bem-estar \u00f3timo!<\/p>\n                            <div class=\"ic-sports-banner__btns\">\n                                <a href=\"https:\/\/iteracarelatam.com\/pt-br\/contato-iteracare\/\" class=\"ic-btn ic-btn--white\">\n                                    Consulte-nos                                <\/a>\n                                <a href=\"https:\/\/iteracarelatam.com\/pt-br\/contato-iteracare\/\" class=\"ic-btn ic-btn--outline-white\">\n                                    Mais Informa\u00e7\u00f5es                                <\/a>\n                            <\/div>\n                        <\/div>\n                    <\/div>\n                <\/div>\n            <\/section>\n\n            <!-- \u2550\u2550 FAQ \u2550\u2550\u2550\u2550\u2550\u2550\u2550\u2550\u2550\u2550\u2550\u2550\u2550\u2550\u2550\u2550\u2550\u2550\u2550\u2550\u2550\u2550\u2550\u2550\u2550\u2550\u2550\u2550\u2550\u2550\u2550\u2550\u2550\u2550\u2550\u2550\u2550\u2550\u2550\u2550\u2550\u2550\u2550\u2550\u2550\u2550\u2550\u2550\u2550\u2550\u2550\u2550\u2550\u2550 -->\n            <section class=\"ic-section ic-section--faq\">\n                <div class=\"ic-container\">\n                    <div class=\"ic-section-header\">\n                        <span class=\"ic-eyebrow\">FAQ<\/span>\n                        <h2 class=\"ic-section-title\">Perguntas Frequentes<\/h2>\n                    <\/div>\n                    <div class=\"ic-faq-list\">\n                                                <div class=\"ic-faq-item\" id=\"ic-pt-7428-faq-0\">\n                            <button\n                                class=\"ic-faq-question\"\n                                aria-expanded=\"false\"\n                                aria-controls=\"ic-pt-7428-faq-0-answer\"\n                            >\n                                <span>O Dispositivo \u00e9 Radioativo?<\/span>\n                                <span class=\"ic-faq-icon\" aria-hidden=\"true\">+<\/span>\n                            <\/button>\n                            <div class=\"ic-faq-answer\" id=\"ic-pt-7428-faq-0-answer\" role=\"region\" hidden>\n                                                                    <p>N\u00e3o, o dispositivo iTeraCare n\u00e3o \u00e9 radioativo. O iTeraCare usa tecnologia avan\u00e7ada de Tera-hertz e n\u00e3o envolve radia\u00e7\u00e3o ionizante nem emite radia\u00e7\u00e3o nociva. A tecnologia usada se concentra na regenera\u00e7\u00e3o celular e estimula\u00e7\u00e3o de energia sem recorrer a elementos radioativos. Voc\u00ea pode ter certeza de que o iTeraCare \u00e9 completamente seguro e n\u00e3o representa nenhum risco de exposi\u00e7\u00e3o \u00e0 radia\u00e7\u00e3o.<\/p>\n                                                                                            <\/div>\n                        <\/div>\n                                                <div class=\"ic-faq-item\" id=\"ic-pt-7428-faq-1\">\n                            <button\n                                class=\"ic-faq-question\"\n                                aria-expanded=\"false\"\n                                aria-controls=\"ic-pt-7428-faq-1-answer\"\n                            >\n                                <span>\u00c9 Importante Ativar a \u00c1gua?<\/span>\n                                <span class=\"ic-faq-icon\" aria-hidden=\"true\">+<\/span>\n                            <\/button>\n                            <div class=\"ic-faq-answer\" id=\"ic-pt-7428-faq-1-answer\" role=\"region\" hidden>\n                                                                    <p>N\u00e3o \u00e9 necess\u00e1rio. O iTeraCare n\u00e3o requer ativa\u00e7\u00e3o da \u00e1gua antes da terapia. O dispositivo funciona atrav\u00e9s de tecnologia de Tera-hertz que interage diretamente com as c\u00e9lulas do corpo, sem necessidade de ativar a \u00e1gua ou outros preparativos pr\u00e9vios. Simplesmente siga as instru\u00e7\u00f5es de uso e aproveite os benef\u00edcios da terapia de regenera\u00e7\u00e3o celular.<\/p>\n                                                                                            <\/div>\n                        <\/div>\n                                                <div class=\"ic-faq-item\" id=\"ic-pt-7428-faq-2\">\n                            <button\n                                class=\"ic-faq-question\"\n                                aria-expanded=\"false\"\n                                aria-controls=\"ic-pt-7428-faq-2-answer\"\n                            >\n                                <span>Quando N\u00e3o Usar o Dispositivo?<\/span>\n                                <span class=\"ic-faq-icon\" aria-hidden=\"true\">+<\/span>\n                            <\/button>\n                            <div class=\"ic-faq-answer\" id=\"ic-pt-7428-faq-2-answer\" role=\"region\" hidden>\n                                                                                                    <ul>\n                                                                                    <li><strong>Implantes Eletr\u00f4nicos ou Met\u00e1licos:<\/strong> O iTeraCare n\u00e3o deve ser usado em \u00e1reas pr\u00f3ximas a implantes eletr\u00f4nicos ou met\u00e1licos, pois poderia interferir no seu funcionamento.<\/li>\n                                                                                    <li><strong>Mulheres Gr\u00e1vidas:<\/strong> Recomenda-se que mulheres gr\u00e1vidas consultem um profissional de sa\u00fade antes de usar o iTeraCare, especialmente durante o primeiro trimestre.<\/li>\n                                                                                    <li><strong>Portadores de Marcapasso:<\/strong> Pessoas com marcapassos ou outros dispositivos m\u00e9dicos implantados devem evitar o uso pr\u00f3ximo do iTeraCare, pois pode interferir no seu funcionamento.<\/li>\n                                                                                    <li><strong>Problemas Graves de Sa\u00fade:<\/strong> Pessoas com problemas graves de sa\u00fade devem consultar um m\u00e9dico antes de utilizar o iTeraCare, pois pode n\u00e3o ser adequado em certas condi\u00e7\u00f5es.<\/li>\n                                                                            <\/ul>\n                                                            <\/div>\n                        <\/div>\n                                            <\/div>\n                <\/div>\n            <\/section>\n\n        <\/div><!-- \/.ic-contact-module -->\n        <\/div>\n\t\t\t\t\t\t<\/div>\n\t\t\t\t<\/div>\n\t\t\t\t<\/div>\n\t\t<div class=\"elementor-element elementor-element-fa2f37d e-flex e-con-boxed e-con e-parent\" data-id=\"fa2f37d\" data-element_type=\"container\" data-e-type=\"container\">\n\t\t\t\t\t<div class=\"e-con-inner\">\n\t\t\t\t<div class=\"elementor-element elementor-element-1b42c95 elementor-widget elementor-widget-image\" data-id=\"1b42c95\" data-element_type=\"widget\" data-e-type=\"widget\" data-widget_type=\"image.default\">\n\t\t\t\t<div class=\"elementor-widget-container\">\n\t\t\t\t\t\t\t\t\t\t\t\t\t\t\t\t<a href=\"https:\/\/instagram.com\/carlosterpo\" target=\"_blank\" rel=\"noopener\">\n\t\t\t\t\t\t\t<img fetchpriority=\"high\" decoding=\"async\" width=\"701\" height=\"706\" src=\"https:\/\/iteracarelatam.com\/wp-content\/uploads\/2025\/05\/Instagram_logo_web.webp\" class=\"attachment-large size-large wp-image-3855\" alt=\"Instagram Logo\" srcset=\"https:\/\/iteracarelatam.com\/wp-content\/uploads\/2025\/05\/Instagram_logo_web.webp 701w, https:\/\/iteracarelatam.com\/wp-content\/uploads\/2025\/05\/Instagram_logo_web-298x300.webp 298w, https:\/\/iteracarelatam.com\/wp-content\/uploads\/2025\/05\/Instagram_logo_web-150x150.webp 150w, https:\/\/iteracarelatam.com\/wp-content\/uploads\/2025\/05\/Instagram_logo_web-600x604.webp 600w, https:\/\/iteracarelatam.com\/wp-content\/uploads\/2025\/05\/Instagram_logo_web-100x100.webp 100w\" sizes=\"(max-width: 701px) 100vw, 701px\" \/>\t\t\t\t\t\t\t\t<\/a>\n\t\t\t\t\t\t\t\t\t\t\t\t\t\t\t<\/div>\n\t\t\t\t<\/div>\n\t\t\t\t\t<\/div>\n\t\t\t\t<\/div>\n\t\t\t\t<\/div>\n\t\t","protected":false},"excerpt":{"rendered":"","protected":false},"author":2,"featured_media":0,"parent":0,"menu_order":0,"comment_status":"closed","ping_status":"closed","template":"elementor_header_footer","meta":{"_joinchat":[],"footnotes":""},"class_list":["post-3856","page","type-page","status-publish","hentry"],"_links":{"self":[{"href":"https:\/\/iteracarelatam.com\/pt-br\/wp-json\/wp\/v2\/pages\/3856","targetHints":{"allow":["GET"]}}],"collection":[{"href":"https:\/\/iteracarelatam.com\/pt-br\/wp-json\/wp\/v2\/pages"}],"about":[{"href":"https:\/\/iteracarelatam.com\/pt-br\/wp-json\/wp\/v2\/types\/page"}],"author":[{"embeddable":true,"href":"https:\/\/iteracarelatam.com\/pt-br\/wp-json\/wp\/v2\/users\/2"}],"replies":[{"embeddable":true,"href":"https:\/\/iteracarelatam.com\/pt-br\/wp-json\/wp\/v2\/comments?post=3856"}],"version-history":[{"count":5,"href":"https:\/\/iteracarelatam.com\/pt-br\/wp-json\/wp\/v2\/pages\/3856\/revisions"}],"predecessor-version":[{"id":3879,"href":"https:\/\/iteracarelatam.com\/pt-br\/wp-json\/wp\/v2\/pages\/3856\/revisions\/3879"}],"wp:attachment":[{"href":"https:\/\/iteracarelatam.com\/pt-br\/wp-json\/wp\/v2\/media?parent=3856"}],"curies":[{"name":"wp","href":"https:\/\/api.w.org\/{rel}","templated":true}]}}