{"id":3827,"date":"2024-07-25T03:01:23","date_gmt":"2024-07-25T01:01:23","guid":{"rendered":"https:\/\/iteracarelatam.com\/iteracare-dispositivos\/"},"modified":"2026-04-10T08:50:43","modified_gmt":"2026-04-10T06:50:43","slug":"iteracare-dispositivos","status":"publish","type":"page","link":"https:\/\/iteracarelatam.com\/pt-br\/","title":{"rendered":"iTeraCare Dispositivos"},"content":{"rendered":"\t\t<div data-elementor-type=\"wp-page\" data-elementor-id=\"3827\" class=\"elementor elementor-3827 elementor-107\" data-elementor-post-type=\"page\">\n\t\t\t\t<div class=\"elementor-element elementor-element-10b838b e-con-full e-flex e-con e-parent\" data-id=\"10b838b\" data-element_type=\"container\" data-e-type=\"container\">\n\t\t\t\t<div class=\"elementor-element elementor-element-dea746d elementor-widget elementor-widget-shortcode\" data-id=\"dea746d\" data-element_type=\"widget\" data-e-type=\"widget\" data-widget_type=\"shortcode.default\">\n\t\t\t\t<div class=\"elementor-widget-container\">\n\t\t\t\t\t\t\t<div class=\"elementor-shortcode\">    <!-- iTeraCare Dispositivos Plugin v2.0.0 | Lang: pt -->\n    <section\n        id=\"itc-pt-6875\"\n        class=\"itc-wrap\"\n        lang=\"pt-BR\"\n        itemscope\n        itemtype=\"https:\/\/schema.org\/ItemList\"\n        aria-label=\"iTeraCare Dispositivos \u2013 Tecnologia Terahertz\"\n    >\n        <meta itemprop=\"name\" content=\"iTeraCare Dispositivos \u2013 Tecnologia Terahertz\">\n\n        <!-- \u2500\u2500 HERO \u2500\u2500\u2500\u2500\u2500\u2500\u2500\u2500\u2500\u2500\u2500\u2500\u2500\u2500\u2500\u2500\u2500\u2500\u2500\u2500\u2500\u2500\u2500\u2500\u2500\u2500\u2500\u2500\u2500\u2500\u2500\u2500\u2500\u2500\u2500\u2500\u2500\u2500\u2500\u2500\u2500\u2500\u2500\u2500\u2500\u2500\u2500\u2500\u2500\u2500 -->\n        <div class=\"itc-hero\">\n            <div class=\"itc-hero__bg-overlay\"><\/div>\n            <div class=\"itc-hero__content\">\n                <div class=\"itc-hero__text\">\n                    <span class=\"itc-eyebrow\">Tecnologia Terahertz \u00b7 Prife Internacional<\/span>\n                    <h1 class=\"itc-hero__h1\" itemprop=\"headline\">iTeraCare Dispositivos<\/h1>\n                    <h2 class=\"itc-hero__h2\">Tecnologia Terahertz ao alcance de todos<\/h2>\n                    <div class=\"itc-hero__desc\">\n                        <p>Descubra nossos iTeraCare Dispositivos originais com frequ\u00eancia Terahertz.<\/p>\n                        <p>Uma inova\u00e7\u00e3o que j\u00e1 est\u00e1 transformando o bem-estar em cada pa\u00eds, com autenticidade e suporte global.<\/p>\n                        <p>Pa\u00eds a pa\u00eds, lar a lar, levamos qualidade e equil\u00edbrio.<\/p>\n                    <\/div>\n                    <div class=\"itc-hero__ctas\">\n                        <a href=\"https:\/\/iteracarelatam.com\/contacto-iteracare\/\" class=\"itc-btn itc-btn--accent\" rel=\"noopener\">\n                            Fale Conosco Agora                        <\/a>\n                        <a href=\"#itc-pt-6875-products\" class=\"itc-btn itc-btn--outline\">\n                            Ver Dispositivos                        <\/a>\n                    <\/div>\n                <\/div>\n                <div class=\"itc-hero__image\">\n                    <div class=\"itc-hero__img-wrapper\">\n                        <img fetchpriority=\"high\" decoding=\"async\"\n                            src=\"https:\/\/iteracarelatam.com\/wp-content\/uploads\/2026\/04\/iTeraCare_dispositivos_latam.webp\"\n                            alt=\"iTeraCare Dispositivos - Tecnologia Terahertz ao alcance de todos\"\n                            loading=\"eager\"\n                            width=\"600\"\n                            height=\"500\"\n                            itemprop=\"image\"\n                        >\n                    <\/div>\n                <\/div>\n            <\/div>\n            <div class=\"itc-hero__wave\">\n                <svg viewBox=\"0 0 1440 80\" preserveAspectRatio=\"none\" xmlns=\"http:\/\/www.w3.org\/2000\/svg\">\n                    <path d=\"M0,40 C360,80 1080,0 1440,40 L1440,80 L0,80 Z\" fill=\"#ffffff\"\/>\n                <\/svg>\n            <\/div>\n        <\/div>\n\n        <!-- \u2500\u2500 NEW DEVICE \u2013 MAGNOSEEK \u2500\u2500\u2500\u2500\u2500\u2500\u2500\u2500\u2500\u2500\u2500\u2500\u2500\u2500\u2500\u2500\u2500\u2500\u2500\u2500\u2500\u2500\u2500\u2500\u2500\u2500\u2500\u2500\u2500\u2500\u2500\u2500 -->\n        <div class=\"itc-new-device\">\n            <div class=\"itc-new-device__inner\">\n                <div class=\"itc-new-device__image\">\n                    <div class=\"itc-new-pulse\"><\/div>\n                    <img loading=\"lazy\" decoding=\"async\"\n                        src=\"https:\/\/iteracarelatam.com\/wp-content\/uploads\/2026\/04\/magnoseek_latam.webp\"\n                        alt=\"MagnoSeek - Novo Dispositivo iTeraCare\"\n                        loading=\"lazy\"\n                        width=\"420\"\n                        height=\"380\"\n                    >\n                    <span class=\"itc-new-badge\">NOVO<\/span>\n                <\/div>\n                <div class=\"itc-new-device__content\">\n                    <span class=\"itc-eyebrow itc-eyebrow--accent\">Novo Dispositivo<\/span>\n                    <h3 class=\"itc-new-device__name\">MagnoSeek<\/h3>\n                    <p class=\"itc-new-device__desc\">O mais recente dispositivo da Prife Internacional com tecnologia magn\u00e9tica e frequ\u00eancia Terahertz. Uma nova era em bem-estar n\u00e3o invasivo.<\/p>\n                    <a href=\"https:\/\/iteracarelatam.com\/contacto-iteracare\/\" class=\"itc-btn itc-btn--accent\" rel=\"noopener\">\n                        Consulte-nos                    <\/a>\n                <\/div>\n            <\/div>\n        <\/div>\n\n        <!-- \u2500\u2500 PRODUCTS GRID \u2500\u2500\u2500\u2500\u2500\u2500\u2500\u2500\u2500\u2500\u2500\u2500\u2500\u2500\u2500\u2500\u2500\u2500\u2500\u2500\u2500\u2500\u2500\u2500\u2500\u2500\u2500\u2500\u2500\u2500\u2500\u2500\u2500\u2500\u2500\u2500\u2500\u2500\u2500\u2500\u2500 -->\n        <div id=\"itc-pt-6875-products\" class=\"itc-products\">\n            <div class=\"itc-section-header\">\n                <span class=\"itc-eyebrow itc-eyebrow--center\">Originais \u00b7 Tecnologia Terahertz \u00b7 Distribui\u00e7\u00e3o Mundial<\/span>\n                <h2 class=\"itc-section-title\" itemprop=\"name\">iTeraCare Dispositivos<\/h2>\n                <p class=\"itc-section-desc\">Toda a linha de Produtos da Prife Internacional. Consulte-nos pelo dispositivo que voc\u00ea est\u00e1 procurando e enviamos informa\u00e7\u00f5es detalhadas e pre\u00e7os conforme seu pa\u00eds.<\/p>\n                <div class=\"itc-section-divider\"><span><\/span><span><\/span><span><\/span><\/div>\n            <\/div>\n\n            <div class=\"itc-grid\" role=\"list\">\n                                <article\n                    class=\"itc-card itc-card--primary \"\n                    role=\"listitem\"\n                    itemprop=\"itemListElement\"\n                    itemscope\n                    itemtype=\"https:\/\/schema.org\/ListItem\"\n                >\n                    <meta itemprop=\"position\" content=\"1\">\n                    <div class=\"itc-card__img-wrap\">\n                                                <img loading=\"lazy\" decoding=\"async\"\n                            src=\"https:\/\/iteracarelatam.com\/wp-content\/uploads\/2025\/05\/classic-2-2-iteracare-latam.webp\"\n                            alt=\"iTeraCare Classic 2.2 - iTeraCare Dispositivo Terahertz\"\n                            loading=\"lazy\"\n                            width=\"320\"\n                            height=\"280\"\n                            itemprop=\"image\"\n                        >\n                    <\/div>\n                    <div class=\"itc-card__body\">\n                        <h3 class=\"itc-card__name\" itemprop=\"name\">iTeraCare Classic 2.2<\/h3>\n                        <p class=\"itc-card__desc\">O dispositivo de entrada ideal com tecnologia Terahertz para iniciar sua jornada de bem-estar.<\/p>\n                        <a\n                            href=\"https:\/\/iteracarelatam.com\/iteracare-classic-2-2\/\"\n                            class=\"itc-btn itc-btn--primary itc-btn--full\"\n                            rel=\"noopener\"\n                            itemprop=\"url\"\n                        >\n                            Ver Dispositivo                        <\/a>\n                    <\/div>\n                <\/article>\n                                <article\n                    class=\"itc-card itc-card--primary itc-card--has-badge\"\n                    role=\"listitem\"\n                    itemprop=\"itemListElement\"\n                    itemscope\n                    itemtype=\"https:\/\/schema.org\/ListItem\"\n                >\n                    <meta itemprop=\"position\" content=\"2\">\n                    <div class=\"itc-card__img-wrap\">\n                                                    <span class=\"itc-card__badge itc-card__badge--popular\">\n                                POPULAR                            <\/span>\n                                                <img loading=\"lazy\" decoding=\"async\"\n                            src=\"https:\/\/iteracarelatam.com\/wp-content\/uploads\/2025\/05\/premium-plus-iteracare-latam.webp\"\n                            alt=\"iTeraCare Premium Plus - iTeraCare Dispositivo Terahertz\"\n                            loading=\"lazy\"\n                            width=\"320\"\n                            height=\"280\"\n                            itemprop=\"image\"\n                        >\n                    <\/div>\n                    <div class=\"itc-card__body\">\n                        <h3 class=\"itc-card__name\" itemprop=\"name\">iTeraCare Premium Plus<\/h3>\n                        <p class=\"itc-card__desc\">Pot\u00eancia e precis\u00e3o aprimoradas para uma experi\u00eancia de bem-estar completa e profissional.<\/p>\n                        <a\n                            href=\"https:\/\/iteracarelatam.com\/iteracare-premium-plus\/\"\n                            class=\"itc-btn itc-btn--primary itc-btn--full\"\n                            rel=\"noopener\"\n                            itemprop=\"url\"\n                        >\n                            Ver Dispositivo                        <\/a>\n                    <\/div>\n                <\/article>\n                                <article\n                    class=\"itc-card itc-card--primary itc-card--has-badge\"\n                    role=\"listitem\"\n                    itemprop=\"itemListElement\"\n                    itemscope\n                    itemtype=\"https:\/\/schema.org\/ListItem\"\n                >\n                    <meta itemprop=\"position\" content=\"3\">\n                    <div class=\"itc-card__img-wrap\">\n                                                    <span class=\"itc-card__badge itc-card__badge--pro\">\n                                PRO                            <\/span>\n                                                <img loading=\"lazy\" decoding=\"async\"\n                            src=\"https:\/\/iteracarelatam.com\/wp-content\/uploads\/2025\/05\/pro-iteracare-latam.webp\"\n                            alt=\"iTeraCare Pro - iTeraCare Dispositivo Terahertz\"\n                            loading=\"lazy\"\n                            width=\"320\"\n                            height=\"280\"\n                            itemprop=\"image\"\n                        >\n                    <\/div>\n                    <div class=\"itc-card__body\">\n                        <h3 class=\"itc-card__name\" itemprop=\"name\">iTeraCare Pro<\/h3>\n                        <p class=\"itc-card__desc\">A m\u00e1xima express\u00e3o da tecnologia Terahertz. Desempenho profissional sem compromisso.<\/p>\n                        <a\n                            href=\"https:\/\/iteracarelatam.com\/iteracare-pro\/\"\n                            class=\"itc-btn itc-btn--primary itc-btn--full\"\n                            rel=\"noopener\"\n                            itemprop=\"url\"\n                        >\n                            Ver Dispositivo                        <\/a>\n                    <\/div>\n                <\/article>\n                                <article\n                    class=\"itc-card itc-card--secondary \"\n                    role=\"listitem\"\n                    itemprop=\"itemListElement\"\n                    itemscope\n                    itemtype=\"https:\/\/schema.org\/ListItem\"\n                >\n                    <meta itemprop=\"position\" content=\"4\">\n                    <div class=\"itc-card__img-wrap\">\n                                                <img loading=\"lazy\" decoding=\"async\"\n                            src=\"https:\/\/iteracarelatam.com\/wp-content\/uploads\/2025\/05\/itera-bio-lite-latam.webp\"\n                            alt=\"iTera Bio Lite - iTeraCare Dispositivo Terahertz\"\n                            loading=\"lazy\"\n                            width=\"320\"\n                            height=\"280\"\n                            itemprop=\"image\"\n                        >\n                    <\/div>\n                    <div class=\"itc-card__body\">\n                        <h3 class=\"itc-card__name\" itemprop=\"name\">iTera Bio Lite<\/h3>\n                        <p class=\"itc-card__desc\">Tecnologia de frequ\u00eancias bioativas em formato compacto. Inova\u00e7\u00e3o acess\u00edvel para todos.<\/p>\n                        <a\n                            href=\"https:\/\/iteracarelatam.com\/itera-bio-lite\/\"\n                            class=\"itc-btn itc-btn--secondary itc-btn--full\"\n                            rel=\"noopener\"\n                            itemprop=\"url\"\n                        >\n                            Ver Dispositivo                        <\/a>\n                    <\/div>\n                <\/article>\n                                <article\n                    class=\"itc-card itc-card--secondary \"\n                    role=\"listitem\"\n                    itemprop=\"itemListElement\"\n                    itemscope\n                    itemtype=\"https:\/\/schema.org\/ListItem\"\n                >\n                    <meta itemprop=\"position\" content=\"5\">\n                    <div class=\"itc-card__img-wrap\">\n                                                <img loading=\"lazy\" decoding=\"async\"\n                            src=\"https:\/\/iteracarelatam.com\/wp-content\/uploads\/2025\/05\/itera-bio-latam.webp\"\n                            alt=\"iTera Bio - iTeraCare Dispositivo Terahertz\"\n                            loading=\"lazy\"\n                            width=\"320\"\n                            height=\"280\"\n                            itemprop=\"image\"\n                        >\n                    <\/div>\n                    <div class=\"itc-card__body\">\n                        <h3 class=\"itc-card__name\" itemprop=\"name\">iTera Bio<\/h3>\n                        <p class=\"itc-card__desc\">Solu\u00e7\u00e3o avan\u00e7ada de biofrequ\u00eancias que promove a regenera\u00e7\u00e3o celular e a vitalidade natural.<\/p>\n                        <a\n                            href=\"https:\/\/iteracarelatam.com\/itera-bio\/\"\n                            class=\"itc-btn itc-btn--secondary itc-btn--full\"\n                            rel=\"noopener\"\n                            itemprop=\"url\"\n                        >\n                            Ver Dispositivo                        <\/a>\n                    <\/div>\n                <\/article>\n                                <article\n                    class=\"itc-card itc-card--secondary itc-card--has-badge\"\n                    role=\"listitem\"\n                    itemprop=\"itemListElement\"\n                    itemscope\n                    itemtype=\"https:\/\/schema.org\/ListItem\"\n                >\n                    <meta itemprop=\"position\" content=\"6\">\n                    <div class=\"itc-card__img-wrap\">\n                                                    <span class=\"itc-card__badge itc-card__badge--new\">\n                                NOVO                            <\/span>\n                                                <img loading=\"lazy\" decoding=\"async\"\n                            src=\"https:\/\/iteracarelatam.com\/wp-content\/uploads\/2025\/05\/ion-shield_latam.webp\"\n                            alt=\"IonShield - iTeraCare Dispositivo Terahertz\"\n                            loading=\"lazy\"\n                            width=\"320\"\n                            height=\"280\"\n                            itemprop=\"image\"\n                        >\n                    <\/div>\n                    <div class=\"itc-card__body\">\n                        <h3 class=\"itc-card__name\" itemprop=\"name\">IonShield<\/h3>\n                        <p class=\"itc-card__desc\">Colar ionizador de \u00faltima gera\u00e7\u00e3o. Prote\u00e7\u00e3o e equil\u00edbrio energ\u00e9tico em todos os momentos.<\/p>\n                        <a\n                            href=\"https:\/\/iteracarelatam.com\/contacto-iteracare\/\"\n                            class=\"itc-btn itc-btn--secondary itc-btn--full\"\n                            rel=\"noopener\"\n                            itemprop=\"url\"\n                        >\n                            Mais Informa\u00e7\u00f5es                        <\/a>\n                    <\/div>\n                <\/article>\n                            <\/div>\n\n            <!-- Global CTA -->\n            <div class=\"itc-cta-bar\">\n                <a href=\"https:\/\/iteracarelatam.com\/contacto-iteracare\/\" class=\"itc-btn itc-btn--cta-bar\" rel=\"noopener\">\n                    Consulte-nos                <\/a>\n            <\/div>\n        <\/div>\n\n        <!-- \u2500\u2500 FOOTER BAR \u2500\u2500\u2500\u2500\u2500\u2500\u2500\u2500\u2500\u2500\u2500\u2500\u2500\u2500\u2500\u2500\u2500\u2500\u2500\u2500\u2500\u2500\u2500\u2500\u2500\u2500\u2500\u2500\u2500\u2500\u2500\u2500\u2500\u2500\u2500\u2500\u2500\u2500\u2500\u2500\u2500\u2500\u2500\u2500 -->\n        <div class=\"itc-footer-bar\">\n            <p>iTeraCare Dispositivos \u00b7 Tecnologia Terahertz \u00b7 Distribui\u00e7\u00e3o em todo o mundo<\/p>\n        <\/div>\n\n    <\/section>\n    <\/div>\n\t\t\t\t\t\t<\/div>\n\t\t\t\t<\/div>\n\t\t\t\t<\/div>\n\t\t<div class=\"elementor-element elementor-element-7f39f68 e-flex e-con-boxed e-con e-parent\" data-id=\"7f39f68\" data-element_type=\"container\" data-e-type=\"container\" data-settings=\"{&quot;background_background&quot;:&quot;gradient&quot;}\">\n\t\t\t\t\t<div class=\"e-con-inner\">\n\t\t\t\t<div class=\"elementor-element elementor-element-43b1428 elementor-widget elementor-widget-heading\" data-id=\"43b1428\" data-element_type=\"widget\" data-e-type=\"widget\" data-widget_type=\"heading.default\">\n\t\t\t\t<div class=\"elementor-widget-container\">\n\t\t\t\t\t<h2 class=\"elementor-heading-title elementor-size-default\">NOSSO BLOG<\/h2>\t\t\t\t<\/div>\n\t\t\t\t<\/div>\n\t\t\t\t\t<\/div>\n\t\t\t\t<\/div>\n\t\t<div class=\"elementor-element elementor-element-9d9da3a e-flex e-con-boxed e-con e-parent\" data-id=\"9d9da3a\" data-element_type=\"container\" data-e-type=\"container\">\n\t\t\t\t\t<div class=\"e-con-inner\">\n\t\t\t\t\t<\/div>\n\t\t\t\t<\/div>\n\t\t<div class=\"elementor-element elementor-element-gVvx3JM e-flex e-con-boxed e-con e-parent\" data-id=\"gVvx3JM\" data-element_type=\"container\" data-e-type=\"container\">\n\t\t\t\t\t<div class=\"e-con-inner\">\n\t\t\t\t<div class=\"elementor-element elementor-element-95d2792 elementor-widget elementor-widget-image\" data-id=\"95d2792\" data-element_type=\"widget\" data-e-type=\"widget\" data-widget_type=\"image.default\">\n\t\t\t\t<div class=\"elementor-widget-container\">\n\t\t\t\t\t\t\t\t\t\t\t\t\t\t\t<img decoding=\"async\" width=\"800\" height=\"800\" src=\"https:\/\/iteracarelatam.com\/wp-content\/uploads\/2024\/07\/TeraHertz.webp\" class=\"attachment-large size-large wp-image-3825\" alt=\"Lidera o Poder Terahertz\" srcset=\"https:\/\/iteracarelatam.com\/wp-content\/uploads\/2024\/07\/TeraHertz.webp 1000w, https:\/\/iteracarelatam.com\/wp-content\/uploads\/2024\/07\/TeraHertz-300x300.webp 300w, https:\/\/iteracarelatam.com\/wp-content\/uploads\/2024\/07\/TeraHertz-150x150.webp 150w, https:\/\/iteracarelatam.com\/wp-content\/uploads\/2024\/07\/TeraHertz-768x768.webp 768w\" sizes=\"(max-width: 800px) 100vw, 800px\" \/>\t\t\t\t\t\t\t\t\t\t\t\t\t\t\t<\/div>\n\t\t\t\t<\/div>\n\t\t\t\t<div class=\"elementor-element elementor-element-0l4Jw5s elementor-widget elementor-widget-heading\" data-id=\"0l4Jw5s\" data-element_type=\"widget\" data-e-type=\"widget\" data-widget_type=\"heading.default\">\n\t\t\t\t<div class=\"elementor-widget-container\">\n\t\t\t\t\t<h5 class=\"elementor-heading-title elementor-size-default\">Transforma<\/h5>\t\t\t\t<\/div>\n\t\t\t\t<\/div>\n\t\t\t\t<div class=\"elementor-element elementor-element-xwH3kAY elementor-widget elementor-widget-heading\" data-id=\"xwH3kAY\" data-element_type=\"widget\" data-e-type=\"widget\" data-widget_type=\"heading.default\">\n\t\t\t\t<div class=\"elementor-widget-container\">\n\t\t\t\t\t<h1 class=\"elementor-heading-title elementor-size-default\">Por que escolher iTeraCare?<\/h1>\t\t\t\t<\/div>\n\t\t\t\t<\/div>\n\t\t\t\t<div class=\"elementor-element elementor-element-IDXVV8S elementor-widget elementor-widget-heading\" data-id=\"IDXVV8S\" data-element_type=\"widget\" data-e-type=\"widget\" data-widget_type=\"heading.default\">\n\t\t\t\t<div class=\"elementor-widget-container\">\n\t\t\t\t\t<h5 class=\"elementor-heading-title elementor-size-default\">A melhor tecnologia n\u00e3o invasiva para o cuidado e bem-estar corporal<\/h5>\t\t\t\t<\/div>\n\t\t\t\t<\/div>\n\t\t\t\t<div class=\"elementor-element elementor-element-10259bb animated-slow elementor-view-default elementor-invisible elementor-widget elementor-widget-icon\" data-id=\"10259bb\" data-element_type=\"widget\" data-e-type=\"widget\" data-settings=\"{&quot;_animation&quot;:&quot;zoomIn&quot;}\" data-widget_type=\"icon.default\">\n\t\t\t\t<div class=\"elementor-widget-container\">\n\t\t\t\t\t\t\t<div class=\"elementor-icon-wrapper\">\n\t\t\t<a class=\"elementor-icon\" href=\"https:\/\/iteracarelatam.com\/contacto-iteracare\/\">\n\t\t\t<svg xmlns=\"http:\/\/www.w3.org\/2000\/svg\" xmlns:xlink=\"http:\/\/www.w3.org\/1999\/xlink\" width=\"109.76\" height=\"109.76\" viewBox=\"0 0 109.76 109.76\"><defs><style>.e,.f{fill:none;}.f,.g,.h{stroke-miterlimit:10;}.f,.g,.h,.i{stroke:#000;stroke-width:1.3px;}.g{fill:#1488ff;}.h{fill:#fca7fd;}.i{fill:#fff;stroke-linejoin:round;}.j{clip-path:url(#d);}<\/style><clipPath id=\"d\"><rect class=\"e\" width=\"109.76\" height=\"109.76\" rx=\"18.26\" ry=\"18.26\"><\/rect><\/clipPath><\/defs><g id=\"a\"><\/g><g id=\"b\"><g id=\"c\"><g><g><g class=\"j\"><g><path class=\"g\" d=\"M85.32,22.36H46.43c-3.8,0-6.88,3.08-6.88,6.88v24.75c0,3.8,3.08,6.88,6.88,6.88h23.24l11.91,7.35c.6,.37,1.35-.17,1.19-.86l-1.57-6.48h4.13c3.8,0,6.88-3.08,6.88-6.88V29.24c0-3.8-3.08-6.88-6.88-6.88Z\"><\/path><path class=\"h\" d=\"M26.87,41.43h38.89c3.8,0,6.88,3.08,6.88,6.88v24.75c0,3.8-3.08,6.88-6.88,6.88h-23.24l-11.91,7.35c-.6,.37-1.35-.17-1.19-.86l1.57-6.48h-4.13c-3.8,0-6.88-3.08-6.88-6.88v-24.75c0-3.8,3.08-6.88,6.88-6.88Z\"><\/path><g><circle class=\"i\" cx=\"58.02\" cy=\"61.38\" r=\"3.87\"><\/circle><circle class=\"i\" cx=\"46.31\" cy=\"61.38\" r=\"3.87\"><\/circle><circle class=\"i\" cx=\"34.61\" cy=\"61.38\" r=\"3.87\"><\/circle><\/g><\/g><\/g><rect class=\"e\" width=\"109.76\" height=\"109.76\" rx=\"18.26\" ry=\"18.26\"><\/rect><\/g><line class=\"f\" x1=\"7.22\" y1=\"86.66\" x2=\"7.22\" y2=\"74.54\"><\/line><line class=\"f\" x1=\"7.22\" y1=\"70.2\" x2=\"7.22\" y2=\"38.39\"><\/line><\/g><\/g><\/g><\/svg>\t\t\t<\/a>\n\t\t<\/div>\n\t\t\t\t\t\t<\/div>\n\t\t\t\t<\/div>\n\t\t\t\t<div class=\"elementor-element elementor-element-B1SFSfm elementor-widget__width-auto elementor-align-right elementor-widget elementor-widget-button\" data-id=\"B1SFSfm\" data-element_type=\"widget\" data-e-type=\"widget\" data-widget_type=\"button.default\">\n\t\t\t\t<div class=\"elementor-widget-container\">\n\t\t\t\t\t\t\t\t\t<div class=\"elementor-button-wrapper\">\n\t\t\t\t\t<a class=\"elementor-button elementor-button-link elementor-size-sm\" href=\"https:\/\/iteracarelatam.com\/contacto-iteracare\/\">\n\t\t\t\t\t\t<span class=\"elementor-button-content-wrapper\">\n\t\t\t\t\t\t\t\t\t<span class=\"elementor-button-text\">Contate-nos<\/span>\n\t\t\t\t\t<\/span>\n\t\t\t\t\t<\/a>\n\t\t\t\t<\/div>\n\t\t\t\t\t\t\t\t<\/div>\n\t\t\t\t<\/div>\n\t\t\t\t\t<\/div>\n\t\t\t\t<\/div>\n\t\t\t\t<\/div>\n\t\t","protected":false},"excerpt":{"rendered":"<p>NOSSO BLOG Transforma Por que escolher iTeraCare? A melhor tecnologia n\u00e3o invasiva para o cuidado e bem-estar corporal Contate-nos<\/p>\n","protected":false},"author":1,"featured_media":3826,"parent":0,"menu_order":0,"comment_status":"closed","ping_status":"closed","template":"elementor_header_footer","meta":{"_joinchat":[],"footnotes":""},"class_list":["post-3827","page","type-page","status-publish","has-post-thumbnail","hentry"],"_links":{"self":[{"href":"https:\/\/iteracarelatam.com\/pt-br\/wp-json\/wp\/v2\/pages\/3827","targetHints":{"allow":["GET"]}}],"collection":[{"href":"https:\/\/iteracarelatam.com\/pt-br\/wp-json\/wp\/v2\/pages"}],"about":[{"href":"https:\/\/iteracarelatam.com\/pt-br\/wp-json\/wp\/v2\/types\/page"}],"author":[{"embeddable":true,"href":"https:\/\/iteracarelatam.com\/pt-br\/wp-json\/wp\/v2\/users\/1"}],"replies":[{"embeddable":true,"href":"https:\/\/iteracarelatam.com\/pt-br\/wp-json\/wp\/v2\/comments?post=3827"}],"version-history":[{"count":4,"href":"https:\/\/iteracarelatam.com\/pt-br\/wp-json\/wp\/v2\/pages\/3827\/revisions"}],"predecessor-version":[{"id":3851,"href":"https:\/\/iteracarelatam.com\/pt-br\/wp-json\/wp\/v2\/pages\/3827\/revisions\/3851"}],"wp:featuredmedia":[{"embeddable":true,"href":"https:\/\/iteracarelatam.com\/pt-br\/wp-json\/wp\/v2\/media\/3826"}],"wp:attachment":[{"href":"https:\/\/iteracarelatam.com\/pt-br\/wp-json\/wp\/v2\/media?parent=3827"}],"curies":[{"name":"wp","href":"https:\/\/api.w.org\/{rel}","templated":true}]}}